{"id":583,"date":"2023-10-19T09:03:00","date_gmt":"2023-10-19T07:03:00","guid":{"rendered":"https:\/\/danielabusa.com\/privacy-policy\/"},"modified":"2025-10-23T14:57:52","modified_gmt":"2025-10-23T12:57:52","slug":"privacy-policy","status":"publish","type":"page","link":"https:\/\/danielabusa.com\/de\/privacy-policy\/","title":{"rendered":"Datenschutzerkl\u00e4rung &amp; Cookies"},"content":{"rendered":"\n<p>Im Folgenden finden Sie die Datenschutz- und Cookie-Richtlinie. Sie enth\u00e4lt alle Informationen, die Sie kennen m\u00fcssen, um die Website in vollem Bewusstsein \u00fcber die Daten nutzen zu k\u00f6nnen, die Sie w\u00e4hrend Ihrer Navigation bereitstellen oder bereitstellen werden.<\/p>\n\n\n\n<h2 class=\"wp-block-heading\"><strong>Verantwortlicher f\u00fcr die Datenverarbeitung<\/strong><\/h2>\n\n\n\n<p>Daniela Bus\u00e0, die unter folgenden Kontaktdaten erreichbar ist:<\/p>\n\n\n\n<p>25073 Bovezzo (BS), Italien, Via Le Brede n. 20<br>Tel. +39 334.3013603 \u2013 E-Mail: db@danielabusa.com<\/p>\n\n\n\n<h2 class=\"wp-block-heading\"><strong>Art der erhobenen Daten<\/strong><\/h2>\n\n\n\n<p>Zu den von dieser Website selbstst\u00e4ndig oder durch Dritte erhobenen personenbezogenen Daten geh\u00f6ren: Cookies, Nutzungsdaten, E-Mail und Name.<\/p>\n\n\n\n<p>Weitere erhobene personenbezogene Daten k\u00f6nnen in anderen Abschnitten dieser Datenschutzerkl\u00e4rung oder durch Informationstexte angegeben werden, die im Zusammenhang mit der Erhebung der Daten selbst angezeigt werden.<\/p>\n\n\n\n<p>Die personenbezogenen Daten k\u00f6nnen vom Nutzer freiwillig eingegeben oder w\u00e4hrend der Nutzung dieser Website automatisch erfasst werden.<\/p>\n\n\n\n<p>Die eventuelle Verwendung von Cookies \u2013 oder anderen Tracking-Tools \u2013 durch diese Website oder die Eigent\u00fcmer der von dieser Website genutzten Drittdienste dient, sofern nicht anders angegeben, dem Zweck, den Nutzer zu identifizieren und dessen Pr\u00e4ferenzen f\u00fcr Zwecke zu registrieren, die ausschlie\u00dflich mit der Erbringung der vom Nutzer angeforderten Dienstleistung verbunden sind.<\/p>\n\n\n\n<p>Die Nichtbereitstellung einiger personenbezogener Daten durch den Nutzer k\u00f6nnte diese Website daran hindern, ihre Dienste zu erbringen.<\/p>\n\n\n\n<p>Der Nutzer \u00fcbernimmt die Verantwortung f\u00fcr die personenbezogenen Daten Dritter, die \u00fcber diese Website ver\u00f6ffentlicht oder geteilt werden, und garantiert, dass er das Recht hat, diese mitzuteilen oder zu verbreiten, wodurch der Verantwortliche von jeglicher Verantwortung gegen\u00fcber Dritten befreit wird.<\/p>\n\n\n\n<h2 class=\"wp-block-heading\"><strong>Modalit\u00e4ten und Ort der Verarbeitung der erhobenen Daten<\/strong><\/h2>\n\n\n\n<h3 class=\"wp-block-heading\"><strong>Verarbeitungsmodalit\u00e4ten<\/strong><\/h3>\n\n\n\n<p>Der Verantwortliche verarbeitet die personenbezogenen Daten der Nutzer unter Anwendung geeigneter Sicherheitsma\u00dfnahmen, um unbefugten Zugriff, Offenlegung, \u00c4nderung oder Zerst\u00f6rung der personenbezogenen Daten zu verhindern.<\/p>\n\n\n\n<p>Die Verarbeitung erfolgt mittels informatischer und\/oder telematischer Werkzeuge, mit organisatorischen Modalit\u00e4ten und Logiken, die eng mit den angegebenen Zwecken korreliert sind. Neben dem Verantwortlichen k\u00f6nnten in einigen F\u00e4llen Kategorien von Beauftragten, die in die Organisation der Website eingebunden sind (Verwaltungs-, Handels-, Marketing-, Rechts-, Systemadministratoren) oder externe Subjekte (wie Anbieter technischer Drittdienste, Postdienste, Hosting-Provider, IT-Unternehmen, Kommunikationsagenturen) Zugang zu den Daten haben, die gegebenenfalls vom Verantwortlichen auch als Auftragsverarbeiter ernannt werden.<\/p>\n\n\n\n<p>Die aktualisierte Liste der Auftragsverarbeiter kann jederzeit beim Verantwortlichen angefordert werden.<\/p>\n\n\n\n<h3 class=\"wp-block-heading\"><strong>Ort<\/strong><\/h3>\n\n\n\n<p>Die Daten werden an den Betriebsst\u00e4tten des Verantwortlichen und an jedem anderen Ort verarbeitet, an dem sich die an der Verarbeitung beteiligten Parteien befinden. F\u00fcr weitere Informationen kontaktieren Sie den Verantwortlichen.<\/p>\n\n\n\n<p>Die personenbezogenen Daten des Nutzers k\u00f6nnten in ein anderes Land als das, in dem sich der Nutzer befindet, \u00fcbertragen werden. Um weitere Informationen \u00fcber den Ort der Verarbeitung zu erhalten, kann der Nutzer sich auf den Abschnitt \u00fcber die Details zur Verarbeitung personenbezogener Daten beziehen.<\/p>\n\n\n\n<h3 class=\"wp-block-heading\"><strong>Aufbewahrungsdauer<\/strong><\/h3>\n\n\n\n<p>Sofern nicht anders angegeben, werden die Daten f\u00fcr die Zeit verarbeitet, die f\u00fcr die Erbringung der vom Nutzer angeforderten Dienstleistung oder f\u00fcr die in diesem Dokument beschriebenen Zwecke erforderlich ist, und der Nutzer kann jederzeit die Unterbrechung der Verarbeitung, die L\u00f6schung der Daten oder deren Export f\u00fcr Informationszwecke beantragen.<\/p>\n\n\n\n<p>Um die Vorschriften im steuerlichen und abgaberechtlichen Bereich einzuhalten, werden wir die Daten zu Zahlungen f\u00fcr die 5 Jahre nach dem Ablauf der Feststellungsfrist f\u00fcr das betreffende Steuerjahr aufbewahren. In jedem Fall werden wir zur Gew\u00e4hrleistung der Einhaltung der Haftungspflichten die Daten zu eventuellen Zahlungen f\u00fcr 10 Jahre ab dem Datum der einzelnen Zahlung aufbewahren.<\/p>\n\n\n\n<p><strong>Cookies:<\/strong> 1 Jahr<\/p>\n\n\n\n<p>Wir werden Cookies verwenden, um einige personenbezogene Daten des Nutzers zu erfassen und zu verarbeiten, basierend auf den Pr\u00e4ferenzen, die Sie beim Zugriff auf die Website ausgew\u00e4hlt haben. Die \u00fcber das Formular auf der Website erhaltenen Kontakte werden 1 Jahr lang in der Datenbank aufbewahrt und dann automatisch gel\u00f6scht.<\/p>\n\n\n\n<h2 class=\"wp-block-heading\"><strong>Zweck der Verarbeitung der erhobenen Daten<\/strong><\/h2>\n\n\n\n<p>Die Daten des Nutzers werden erhoben, um der Website zu erm\u00f6glichen, ihre Dienste bereitzustellen, sowie f\u00fcr folgende Zwecke:<\/p>\n\n\n\n<ul class=\"wp-block-list\">\n<li>Kontaktaufnahme mit dem Nutzer<\/li>\n\n\n\n<li>Verwaltung von Adressen und Versand von E-Mail-Nachrichten<\/li>\n\n\n\n<li>Interaktion mit sozialen Netzwerken und externen Plattformen<\/li>\n\n\n\n<li>Kommerzielle Partnerschaft<\/li>\n\n\n\n<li>Kommentierung von Inhalten<\/li>\n\n\n\n<li>Verwaltung von RSS-Feeds und Statistik<\/li>\n<\/ul>\n\n\n\n<p>Die f\u00fcr jeden Zweck verwendeten Arten personenbezogener Daten sind in den spezifischen Abschnitten dieses Dokuments angegeben.<\/p>\n\n\n\n<h2 class=\"wp-block-heading\"><strong>Details zur Verarbeitung personenbezogener Daten<\/strong><\/h2>\n\n\n\n<p>Die personenbezogenen Daten werden f\u00fcr folgende Zwecke erhoben und unter Verwendung folgender Dienste verwendet:<\/p>\n\n\n\n<h3 class=\"wp-block-heading\"><strong>Kontaktaufnahme mit dem Nutzer<\/strong><\/h3>\n\n\n\n<p><strong>Mailingliste oder Newsletter<\/strong><\/p>\n\n\n\n<p>Mit der Anmeldung zur Mailingliste oder zum Newsletter wird, nachdem die Akzeptanz der Vorschriften und Nutzungsbedingungen angekreuzt wurde, die E-Mail-Adresse des Nutzers automatisch in eine Kontaktliste eingef\u00fcgt, an die E-Mail-Nachrichten mit Informationen, auch kommerzieller und werblicher Art, im Zusammenhang mit dieser Website \u00fcbermittelt werden k\u00f6nnen.<\/p>\n\n\n\n<p>Die E-Mail-Adresse des Nutzers k\u00f6nnte auch als Ergebnis der \u00dcbermittlung einer Informations- oder Angebotsanfrage zu dieser Liste hinzugef\u00fcgt werden.<\/p>\n\n\n\n<p>Jede an den Nutzer gesendete Mitteilung wird die M\u00f6glichkeit enthalten, sich vom Dienst abzumelden.<\/p>\n\n\n\n<p>Erhobene personenbezogene Daten: E-Mail und Name.<\/p>\n\n\n\n<p><strong>Kontaktformular<\/strong><\/p>\n\n\n\n<p>Der Nutzer stimmt durch das Ausf\u00fcllen des Kontaktformulars mit seinen Daten deren Verwendung zu, um auf Informations-, Angebots- oder sonstige Anfragen zu antworten, die durch die \u00dcberschrift des Formulars angegeben sind.<\/p>\n\n\n\n<p>Erhobene personenbezogene Daten: E-Mail, Name, Unternehmen, Website.<\/p>\n\n\n\n<h3 class=\"wp-block-heading\"><strong>Verwaltung von Adressen und E-Mail-Versand<\/strong><\/h3>\n\n\n\n<p>Diese Dienste erm\u00f6glichen die Verwaltung einer Datenbank von E-Mail-Kontakten, Telefonkontakten oder Kontakten jeder anderen Art, die zur Kommunikation mit dem Nutzer verwendet werden.<\/p>\n\n\n\n<p>Diese Dienste k\u00f6nnten es auch erm\u00f6glichen, Daten \u00fcber Datum und Uhrzeit der Anzeige von Nachrichten durch den Nutzer sowie \u00fcber die Interaktion des Nutzers mit ihnen zu erfassen, wie Informationen \u00fcber Klicks auf in den Nachrichten eingef\u00fcgte Links.<\/p>\n\n\n\n<h3 class=\"wp-block-heading\"><strong>SPAM-Schutz<\/strong><\/h3>\n\n\n\n<p>Diese Dienste analysieren den Verkehr dieser Website, der m\u00f6glicherweise personenbezogene Daten der Nutzer enth\u00e4lt, um ihn von Teilen des Verkehrs, Nachrichten und Inhalten zu filtern, die als SPAM erkannt werden.<\/p>\n\n\n\n<p><strong>Akismet<\/strong><\/p>\n\n\n\n<p>Akismet ist ein SPAM-Schutzdienst, der von Automattic Inc. bereitgestellt wird.<\/p>\n\n\n\n<p>Erhobene personenbezogene Daten: Verschiedene Datenarten gem\u00e4\u00df der Datenschutzerkl\u00e4rung des Dienstes.<\/p>\n\n\n\n<p>Ort der Verarbeitung: USA<\/p>\n\n\n\n<h3 class=\"wp-block-heading\"><strong>Statistik<\/strong><\/h3>\n\n\n\n<p>Die in diesem Abschnitt enthaltenen Dienste erm\u00f6glichen es dem Verantwortlichen, Verkehrsdaten zu \u00fcberwachen und zu analysieren und dienen dazu, das Verhalten des Nutzers zu verfolgen.<\/p>\n\n\n\n<p><strong>Google Analytics<\/strong><\/p>\n\n\n\n<p>Google Analytics ist ein Webanalysedienst, der von Google Inc. (\u201eGoogle&#8220;) bereitgestellt wird. Google verwendet die erhobenen personenbezogenen Daten, um die Nutzung dieser Website zu verfolgen und zu untersuchen, Berichte zu erstellen und diese mit anderen von Google entwickelten Diensten zu teilen.<\/p>\n\n\n\n<p>Google k\u00f6nnte die personenbezogenen Daten verwenden, um die Anzeigen seines eigenen Werbenetzwerks zu kontextualisieren und zu personalisieren.<\/p>\n\n\n\n<p>Unter folgendem Link wird von Google auch die Browser-Erweiterung zur Deaktivierung von Google Analytics zur Verf\u00fcgung gestellt:<a href=\"https:\/\/tools.google.com\/dlpage\/gaoptout?hl=de\"> https:\/\/tools.google.com\/dlpage\/gaoptout?hl=de<\/a><\/p>\n\n\n\n<p>Erhobene personenbezogene Daten: Cookies und Nutzungsdaten.<\/p>\n\n\n\n<p>Aufbewahrungsdauer: 14 Monate.<\/p>\n\n\n\n<p>Ort der Verarbeitung: USA<\/p>\n\n\n\n<h3 class=\"wp-block-heading\"><strong>Inhalte externer Plattformen<\/strong><\/h3>\n\n\n\n<p>Diese Dienste erm\u00f6glichen es, auf externen Plattformen gehostete Inhalte direkt von den Seiten dieser Website aus anzuzeigen und mit ihnen zu interagieren.<\/p>\n\n\n\n<p>Falls ein solcher Dienst installiert ist, ist es m\u00f6glich, dass dieser, auch wenn die Nutzer den Dienst nicht nutzen, Verkehrsdaten zu den Seiten erfasst, auf denen er installiert ist.<\/p>\n\n\n\n<p><strong>Youtube<\/strong><\/p>\n\n\n\n<p>Youtube ist ein Dienst zur Anzeige von Videoinhalten, der von Google Inc. verwaltet wird und es dieser Website erm\u00f6glicht, solche Inhalte in ihre Seiten zu integrieren.<\/p>\n\n\n\n<p>Erhobene personenbezogene Daten: Cookies und Nutzungsdaten.<\/p>\n\n\n\n<p>Ort der Verarbeitung: USA<\/p>\n\n\n\n<p><strong>Google Font<\/strong><\/p>\n\n\n\n<p>Google Fonts ist ein Dienst zur Anzeige von Schriftarten, der von Google Inc. verwaltet wird und es dieser Website erm\u00f6glicht, solche Inhalte in ihre Seiten zu integrieren.<\/p>\n\n\n\n<p>Erhobene personenbezogene Daten: Cookies und Nutzungsdaten.<\/p>\n\n\n\n<p>Ort der Verarbeitung: USA<\/p>\n\n\n\n<h2 class=\"wp-block-heading\"><strong>Cookie-Information und Einwilligung<\/strong><\/h2>\n\n\n\n<p>Um die Website einfacher und intuitiver zu gestalten, verwenden wir Cookies.<\/p>\n\n\n\n<p>Cookies sind Daten, die es erm\u00f6glichen, neue und fr\u00fchere Besucher zu vergleichen und zu verstehen, wie Nutzer durch unsere Website navigieren. Wir verwenden die durch Cookies gesammelten Daten, um die Navigationserfahrung in Zukunft angenehmer und effizienter zu gestalten.<\/p>\n\n\n\n<p>Cookies speichern keine pers\u00f6nlichen Informationen \u00fcber einen Nutzer, und identifizierbare Daten werden nicht gespeichert. Wenn Sie die Verwendung von Cookies deaktivieren m\u00f6chten, m\u00fcssen Sie die Einstellungen Ihres Computers anpassen, indem Sie die L\u00f6schung aller Cookies einstellen oder eine Warnmeldung aktivieren, wenn Cookies gespeichert werden.<\/p>\n\n\n\n<p>Die Einwilligung des Nutzers zur Verwendung von Cookies wird ausdr\u00fccklich bekundet, wenn er auf die Akzeptanzschaltfl\u00e4che klickt, nachdem er die kurze Information im entsprechenden Banner gelesen hat, die sofort beim ersten \u00d6ffnen der Website erscheint, und im Falle der Nichterteilung der Einwilligung bei jedem weiteren Zugriff. Eine weitere Schaltfl\u00e4che auf dem genannten Banner erm\u00f6glicht es dem Nutzer, nur die sogenannten technischen Cookies zu akzeptieren, die f\u00fcr die Navigation auf der Website unerl\u00e4sslich sind.<\/p>\n\n\n\n<h3 class=\"wp-block-heading\"><strong>Deaktivierung von Cookies und Widerruf der Einwilligung<\/strong><\/h3>\n\n\n\n<p>Cookies sind mit dem verwendeten Browser verbunden und k\u00f6nnen direkt vom Browser deaktiviert werden, wodurch die Einwilligung zur Verwendung von Cookies abgelehnt\/widerrufen wird. Der Nutzer kann jederzeit w\u00e4hrend der Navigation auf der Website die Cookie-Einstellungen \u00fcber die Schaltfl\u00e4che unten links CookieYes \u00e4ndern, die es erm\u00f6glicht, die Cookie-Verwaltung zu \u00f6ffnen, die automatisch auf der Grundlage der tats\u00e4chlich auf der Website vorhandenen Cookies ausgef\u00fcllt wird.<\/p>\n\n\n\n<p>Es ist zu beachten, dass die Deaktivierung von Cookies die korrekte Nutzung einiger Funktionen der Website selbst verhindern k\u00f6nnte.<\/p>\n\n\n\n<p>Die Anweisungen zur Deaktivierung von Cookies finden Sie auch auf folgenden Webseiten:<\/p>\n\n\n\n<ul class=\"wp-block-list\">\n<li><a href=\"https:\/\/support.mozilla.org\/de\/kb\/cookies-aktivieren-und-deaktivieren\">Mozilla Firefox<\/a><\/li>\n\n\n\n<li><a href=\"https:\/\/support.microsoft.com\/de-de\/help\/17442\/windows-internet-explorer-delete-manage-cookies\">Microsoft Internet Explorer<\/a><\/li>\n\n\n\n<li><a href=\"https:\/\/support.microsoft.com\/de-de\/help\/4027947\/windows-delete-cookies\">Microsoft Edge<\/a><\/li>\n\n\n\n<li><a href=\"https:\/\/support.google.com\/chrome\/answer\/95647?hl=de\">Google Chrome<\/a><\/li>\n\n\n\n<li><a href=\"http:\/\/help.opera.com\/Windows\/10.00\/de\/cookies.html\">Opera<\/a><\/li>\n\n\n\n<li><a href=\"https:\/\/support.apple.com\/de-de\/HT201265\">Apple Safari<\/a><\/li>\n<\/ul>\n\n\n\n<p>Besuchen Sie den<a href=\"http:\/\/www.garanteprivacy.it\/cookie\"> speziellen Bereich auf der Website der Datenschutzbeh\u00f6rde<\/a> f\u00fcr weitere Informationen \u00fcber Cookies und wie sie Ihre Navigationserfahrung beeinflussen.<\/p>\n\n\n\n<h3 class=\"wp-block-heading\"><strong>Die Arten von Cookies, die wir verwenden<\/strong><\/h3>\n\n\n\n<p>Um die auf der Website vorhandenen Cookies zu kennen, klicken Sie auf das Symbol oben links in der Browserleiste neben https:\/\/ und dann auf den Eintrag Cookie.<\/p>\n\n\n\n<p><strong>Unverzichtbare Cookies<\/strong><\/p>\n\n\n\n<p>Diese Cookies sind unerl\u00e4sslich, um sich auf der gesamten Website zu bewegen und ihre Funktionen vollst\u00e4ndig zu nutzen, wie z.B. den Zugriff auf verschiedene gesch\u00fctzte Bereiche der Website. Ohne diese Cookies k\u00f6nnen einige notwendige Dienste, wie das Ausf\u00fcllen eines Formulars f\u00fcr einen Wettbewerb, nicht genutzt werden.<\/p>\n\n\n\n<p><strong>Performance-Cookies<\/strong><\/p>\n\n\n\n<p>Diese Cookies sammeln Informationen dar\u00fcber, wie Nutzer eine Website verwenden, z.B. welche Seiten am h\u00e4ufigsten besucht werden und ob Fehlermeldungen von Webseiten empfangen werden. Diese Cookies sammeln keine Informationen, die einen Besucher identifizieren. Alle \u00fcber Cookies gesammelten Informationen sind aggregiert und daher anonymisiert. Sie werden nur verwendet, um die Funktionsweise einer Website zu verbessern.<\/p>\n\n\n\n<p>F\u00fcr die Verwendung solcher Cookies ist die vorherige Einwilligung des Nutzers erforderlich.<\/p>\n\n\n\n<p>Sobald die Einwilligung erteilt wurde, akzeptiert der Nutzer durch die Nutzung der Website, dass solche Cookies auf seinem Ger\u00e4t installiert werden k\u00f6nnen.<\/p>\n\n\n\n<p><strong>Funktionalit\u00e4ts-Cookies<\/strong><\/p>\n\n\n\n<p>Diese Cookies erm\u00f6glichen es der Website, sich an Ihre Entscheidungen zu erinnern (wie Name, Sprache oder Herkunftsregion) und erweiterte personalisierte Funktionen bereitzustellen. Diese Cookies k\u00f6nnen auch verwendet werden, um sich an \u00c4nderungen zu erinnern, die Sie an Textgr\u00f6\u00dfe, Schriftart und anderen Teilen von Webseiten vorgenommen haben, die Sie anpassen k\u00f6nnen. Sie k\u00f6nnen auch verwendet werden, um Dienste bereitzustellen, die Sie angefordert haben, wie das Ansehen eines Videos oder Kommentare in einem Blog. Die von diesen Cookies gesammelten Informationen k\u00f6nnen anonymisiert werden und nicht in der Lage sein, Ihre Navigationsaktivit\u00e4ten auf anderen Websites zu verfolgen.<\/p>\n\n\n\n<p>F\u00fcr die Verwendung solcher Cookies ist die vorherige Einwilligung des Nutzers erforderlich. Sobald die Einwilligung erteilt wurde, akzeptiert der Nutzer durch die Nutzung der Website, dass solche Cookies auf seinem Ger\u00e4t installiert werden k\u00f6nnen.<\/p>\n\n\n\n<h2 class=\"wp-block-heading\"><strong>Aus\u00fcbung der Rechte<\/strong><\/h2>\n\n\n\n<p>Die geltenden Vorschriften (Art. 15-16-17-18-19-20-21 DSGVO) gew\u00e4hren den Nutzern die Aus\u00fcbung spezifischer Rechte.<\/p>\n\n\n\n<p>Insbesondere hat der Nutzer jederzeit das Recht zu verlangen:<\/p>\n\n\n\n<ul class=\"wp-block-list\">\n<li>Die Best\u00e4tigung der Existenz oder Nichtexistenz personenbezogener Daten, die sich auf ihn beziehen<\/li>\n\n\n\n<li>Kenntnis des Inhalts und der Herkunft, der Zwecke und Verarbeitungsmodalit\u00e4ten<\/li>\n\n\n\n<li>Die angewandte Logik im Falle einer Verarbeitung mit Hilfe elektronischer Werkzeuge<\/li>\n\n\n\n<li>Die identifizierenden Daten des Verantwortlichen, der Auftragsverarbeiter und der Subjekte oder Kategorien von Subjekten, denen Ihre personenbezogenen Daten mitgeteilt werden k\u00f6nnen<\/li>\n<\/ul>\n\n\n\n<p>Dar\u00fcber hinaus hat der Nutzer das Recht zu erhalten:<\/p>\n\n\n\n<ul class=\"wp-block-list\">\n<li>Zugang, Kopie, Berichtigung, Vervollst\u00e4ndigung, Daten\u00fcbertragbarkeit<\/li>\n\n\n\n<li>L\u00f6schung (Recht auf Vergessenwerden), Umwandlung in anonyme Form oder Sperrung der eigenen rechtswidrig verarbeiteten Daten<\/li>\n\n\n\n<li>Widerspruch in jedem Fall aus legitimen Gr\u00fcnden gegen die Verarbeitung der Daten, die dem Zweck der Erhebung entspricht<\/li>\n<\/ul>\n\n\n\n<p>Zur Aus\u00fcbung dieser Rechte k\u00f6nnen Sie sich an den Verantwortlichen f\u00fcr die Datenverarbeitung wenden: Frau Daniela Bus\u00e0, 25073 Bovezzo (BS), Italien, Via Le Brede n. 20, E-Mail: db@danielabusa.com.<\/p>\n\n\n\n<p>Jede betroffene Person kann eine Beschwerde beim Datenschutzbeauftragten (Garante per la protezione dei dati personali \u2013 www.garanteprivacy.it) einreichen, wenn sie der Ansicht ist, dass die Verarbeitung ihrer Daten gegen die geltenden Bestimmungen verst\u00f6\u00dft.<\/p>\n","protected":false},"excerpt":{"rendered":"<p>Im Folgenden finden Sie die Datenschutz- und Cookie-Richtlinie. Sie enth\u00e4lt alle Informationen, die Sie kennen m\u00fcssen, um die Website in [&hellip;]<\/p>\n","protected":false},"author":1,"featured_media":512,"parent":0,"menu_order":0,"comment_status":"closed","ping_status":"closed","template":"","meta":{"_acf_changed":false,"footnotes":""},"class_list":["post-583","page","type-page","status-publish","has-post-thumbnail","hentry"],"acf":[],"_links":{"self":[{"href":"https:\/\/danielabusa.com\/de\/wp-json\/wp\/v2\/pages\/583","targetHints":{"allow":["GET"]}}],"collection":[{"href":"https:\/\/danielabusa.com\/de\/wp-json\/wp\/v2\/pages"}],"about":[{"href":"https:\/\/danielabusa.com\/de\/wp-json\/wp\/v2\/types\/page"}],"author":[{"embeddable":true,"href":"https:\/\/danielabusa.com\/de\/wp-json\/wp\/v2\/users\/1"}],"replies":[{"embeddable":true,"href":"https:\/\/danielabusa.com\/de\/wp-json\/wp\/v2\/comments?post=583"}],"version-history":[{"count":1,"href":"https:\/\/danielabusa.com\/de\/wp-json\/wp\/v2\/pages\/583\/revisions"}],"predecessor-version":[{"id":585,"href":"https:\/\/danielabusa.com\/de\/wp-json\/wp\/v2\/pages\/583\/revisions\/585"}],"wp:featuredmedia":[{"embeddable":true,"href":"https:\/\/danielabusa.com\/de\/wp-json\/wp\/v2\/media\/512"}],"wp:attachment":[{"href":"https:\/\/danielabusa.com\/de\/wp-json\/wp\/v2\/media?parent=583"}],"curies":[{"name":"wp","href":"https:\/\/api.w.org\/{rel}","templated":true}]}}